{"id":27817,"date":"2024-03-25T12:17:51","date_gmt":"2024-03-25T12:17:51","guid":{"rendered":"https:\/\/triniti.eu\/?page_id=27817"},"modified":"2025-02-24T05:34:25","modified_gmt":"2025-02-24T05:34:25","slug":"triniti-sverigeteam","status":"publish","type":"page","link":"https:\/\/triniti.eu\/sv\/triniti-sverigeteam\/","title":{"rendered":"TRINITI Sverigeteam"},"content":{"rendered":"<p>Syftet med v\u00e5rt Sverigeteam \u00e4r att uppfylla behoven hos s\u00e5v\u00e4l svenska f\u00f6retag i Estland, Lettland och Litauen som tv\u00e4rtom och att bidra till synergiutveckling mellan dessa f\u00f6retag.<\/p>\n<p>V\u00e5ra gr\u00e4ns\u00f6verskridande arbetsgrupper best\u00e5r av erfarna professionella jurister och ledande specialister i sina respektive omr\u00e5den som kommunicerar med klienter i 8 olika arbetsspr\u00e5k; vi fungerar som en gemensam (one-stop) byr\u00e5 i Estland, Lettland och Litauen. TRINITI har engagerat \u00f6ver 80 professionella jurister som konsulterar klienter inom 20 olika r\u00e4ttsomr\u00e5den.<\/p>\n<p>Advokat Ain Kalme som talar flytande svenska (jur.kand. Stockholms Universitet) ansvarar f\u00f6r samordning av alla kontakter med v\u00e5rt Sverigeteam precis enligt dina krav.<\/p>\n","protected":false},"excerpt":{"rendered":"<p>Syftet med v\u00e5rt Sverigeteam \u00e4r att uppfylla behoven hos s\u00e5v\u00e4l svenska f\u00f6retag i Estland, Lettland och Litauen som tv\u00e4rtom och att bidra till synergiutveckling mellan dessa f\u00f6retag. V\u00e5ra gr\u00e4ns\u00f6verskridande arbetsgrupper best\u00e5r av erfarna professionella jurister och ledande specialister i sina respektive omr\u00e5den som kommunicerar med klienter i 8 olika arbetsspr\u00e5k; vi fungerar som en gemensam [&hellip;]<\/p>\n","protected":false},"author":1,"featured_media":0,"parent":0,"menu_order":0,"comment_status":"closed","ping_status":"closed","template":"templates\/page-landing-new.php","meta":{"_acf_changed":false,"breadbutter_post_enabled":false,"breadbutter_post_as_destination_url":false,"breadbutter_post_app_name":"","breadbutter_post_destination_url":"","breadbutter_post_callback_url":"","breadbutter_post_client_data":"","breadbutter_post_button_theme":"","breadbutter_post_user_profile_tool":false,"breadbutter_post_subscriber_profile_position_vertical":"default","breadbutter_post_subscriber_profile_position_horizontal":"default","breadbutter_post_subscriber_profile_position_vertical_px":0,"breadbutter_post_subscriber_profile_position_horizontal_px":0,"breadbutter_post_continue_with_popup_delay_seconds":"","breadbutter_post_continue_with_success_seconds":"","breadbutter_post_continue_with_success_header":"","breadbutter_post_continue_with_success_text":"","breadbutter_post_show_login_focus":false,"breadbutter_post_force_reauthentication":false,"breadbutter_post_continue_with":false,"breadbutter_continue_with_position_vertical":"default","breadbutter_continue_with_position_horizontal":"default","breadbutter_continue_with_position_vertical_px":0,"breadbutter_continue_with_position_horizontal_px":0,"breadbutter_post_is_restricred":false,"breadbutter_post_header_1":"","breadbutter_post_header_2":"","breadbutter_post_header_back_1":"","breadbutter_post_header_back_2":"","breadbutter_post_blur_text_1":"","breadbutter_post_blur_text_2":"","breadbutter_post_blur_text_3":"","breadbutter_post_blur_text_3_2":"","breadbutter_post_blur_more_text":"","breadbutter_post_contactus_enabled":false,"breadbutter_post_contactus_icon_message":"","breadbutter_post_contactus_custom_image":"","breadbutter_post_contactus_header":"","breadbutter_post_contactus_paragraph_1":"","breadbutter_post_contactus_paragraph_2":"","breadbutter_post_contactus_paragraph_3":"","breadbutter_post_contactus_sub_header":"","breadbutter_post_contactus_button_label":"","breadbutter_post_contactus_success_message":"","breadbutter_post_contactus_show_phone":false,"breadbutter_post_contactus_show_company":false,"breadbutter_post_contactus_position_vertical":"","breadbutter_post_contactus_position_vertical_px":"","breadbutter_post_contactus_position_horizontal":"","breadbutter_post_contactus_position_horizontal_px":"","breadbutter_post_contactus_override_dest":false,"breadbutter_post_is_gated":false,"breadbutter_post_content_gating_header":"","breadbutter_post_content_gating_subheader":"","breadbutter_post_content_gating_with_image_enabled":true,"breadbutter_post_content_gating_custom_image_type":"default_1","breadbutter_post_content_gating_font_color":"#000000","breadbutter_post_content_gating_button_color":"#50AFF5","breadbutter_post_content_gating_button_font_color":"#FFFFFF","breadbutter_post_content_gating_immediately_show":"default","breadbutter_post_content_gating_custom_image":"","breadbutter_post_content_gating_override_dest":false,"breadbutter_post_content_gating_scroll_limit":"","breadbutter_post_content_gating_time_limit":"","breadbutter_post_content_preview_enabled":false,"breadbutter_post_content_preview_text_1":"","breadbutter_post_content_preview_text_2":"","breadbutter_post_content_preview_text_3":"","breadbutter_post_content_preview_text_3_2":"","breadbutter_post_content_preview_text_more":"","breadbutter_post_content_preview_override_dest":false,"breadbutter_post_content_preview_clickable_content":false,"breadbutter_post_content_preview_scroll_limit":"","breadbutter_post_content_preview_immediately_show":"","breadbutter_post_content_preview_time_limit":"","breadbutter_post_content_preview_height":"","breadbutter_post_newsletter_enabled":false,"breadbutter_post_newsletter_type":"","breadbutter_post_newsletter_header":"","breadbutter_post_newsletter_main_message":"","breadbutter_post_newsletter_success_header":"","breadbutter_post_newsletter_success_message":"","breadbutter_post_newsletter_delay_popup":"","breadbutter_post_newsletter_custom_image_type":"","breadbutter_post_newsletter_custom_image":"","breadbutter_post_newsletter_override_dest":false,"breadbutter_post_newsletter_event_code":"","inline_featured_image":false,"footnotes":""},"class_list":["post-27817","page","type-page","status-publish","hentry"],"acf":[],"yoast_head":"<!-- This site is optimized with the Yoast SEO plugin v27.4 - https:\/\/yoast.com\/product\/yoast-seo-wordpress\/ -->\n<title>TRINITI Sverigeteam | TRINITI - Pan-Baltic Law Firm<\/title>\n<meta name=\"robots\" content=\"index, follow, max-snippet:-1, max-image-preview:large, max-video-preview:-1\" \/>\n<link rel=\"canonical\" href=\"https:\/\/triniti.eu\/sv\/triniti-sverigeteam\/\" \/>\n<meta property=\"og:locale\" content=\"sv_SE\" \/>\n<meta property=\"og:type\" content=\"article\" \/>\n<meta property=\"og:title\" content=\"TRINITI Sverigeteam | TRINITI - Pan-Baltic Law Firm\" \/>\n<meta property=\"og:description\" content=\"Syftet med v\u00e5rt Sverigeteam \u00e4r att uppfylla behoven hos s\u00e5v\u00e4l svenska f\u00f6retag i Estland, Lettland och Litauen som tv\u00e4rtom och att bidra till synergiutveckling mellan dessa f\u00f6retag. V\u00e5ra gr\u00e4ns\u00f6verskridande arbetsgrupper best\u00e5r av erfarna professionella jurister och ledande specialister i sina respektive omr\u00e5den som kommunicerar med klienter i 8 olika arbetsspr\u00e5k; vi fungerar som en gemensam [&hellip;]\" \/>\n<meta property=\"og:url\" content=\"https:\/\/triniti.eu\/sv\/triniti-sverigeteam\/\" \/>\n<meta property=\"og:site_name\" content=\"TRINITI - Pan-Baltic Law Firm\" \/>\n<meta property=\"article:modified_time\" content=\"2025-02-24T05:34:25+00:00\" \/>\n<meta name=\"twitter:card\" content=\"summary_large_image\" \/>\n<meta name=\"twitter:label1\" content=\"Ber\u00e4knad l\u00e4stid\" \/>\n\t<meta name=\"twitter:data1\" content=\"1 minut\" \/>\n<script type=\"application\/ld+json\" class=\"yoast-schema-graph\">{\"@context\":\"https:\\\/\\\/schema.org\",\"@graph\":[{\"@type\":\"WebPage\",\"@id\":\"https:\\\/\\\/triniti.eu\\\/sv\\\/triniti-sverigeteam\\\/\",\"url\":\"https:\\\/\\\/triniti.eu\\\/sv\\\/triniti-sverigeteam\\\/\",\"name\":\"TRINITI Sverigeteam | TRINITI - Pan-Baltic Law Firm\",\"isPartOf\":{\"@id\":\"https:\\\/\\\/triniti.eu\\\/#website\"},\"datePublished\":\"2024-03-25T12:17:51+00:00\",\"dateModified\":\"2025-02-24T05:34:25+00:00\",\"breadcrumb\":{\"@id\":\"https:\\\/\\\/triniti.eu\\\/sv\\\/triniti-sverigeteam\\\/#breadcrumb\"},\"inLanguage\":\"sv-SE\",\"potentialAction\":[{\"@type\":\"ReadAction\",\"target\":[\"https:\\\/\\\/triniti.eu\\\/sv\\\/triniti-sverigeteam\\\/\"]}]},{\"@type\":\"BreadcrumbList\",\"@id\":\"https:\\\/\\\/triniti.eu\\\/sv\\\/triniti-sverigeteam\\\/#breadcrumb\",\"itemListElement\":[{\"@type\":\"ListItem\",\"position\":1,\"name\":\"Home\",\"item\":\"https:\\\/\\\/triniti.eu\\\/sv\\\/\"},{\"@type\":\"ListItem\",\"position\":2,\"name\":\"TRINITI Sverigeteam\"}]},{\"@type\":\"WebSite\",\"@id\":\"https:\\\/\\\/triniti.eu\\\/#website\",\"url\":\"https:\\\/\\\/triniti.eu\\\/\",\"name\":\"TRINITI - Pan-Baltic Law Firm\",\"description\":\"The Future On Your Terms\",\"publisher\":{\"@id\":\"https:\\\/\\\/triniti.eu\\\/#organization\"},\"potentialAction\":[{\"@type\":\"SearchAction\",\"target\":{\"@type\":\"EntryPoint\",\"urlTemplate\":\"https:\\\/\\\/triniti.eu\\\/?s={search_term_string}\"},\"query-input\":{\"@type\":\"PropertyValueSpecification\",\"valueRequired\":true,\"valueName\":\"search_term_string\"}}],\"inLanguage\":\"sv-SE\"},{\"@type\":\"Organization\",\"@id\":\"https:\\\/\\\/triniti.eu\\\/#organization\",\"name\":\"Triniti\",\"url\":\"https:\\\/\\\/triniti.eu\\\/\",\"logo\":{\"@type\":\"ImageObject\",\"inLanguage\":\"sv-SE\",\"@id\":\"https:\\\/\\\/triniti.eu\\\/#\\\/schema\\\/logo\\\/image\\\/\",\"url\":\"https:\\\/\\\/triniti.eu\\\/wp-content\\\/uploads\\\/2021\\\/12\\\/triniti-logo-en.svg\",\"contentUrl\":\"https:\\\/\\\/triniti.eu\\\/wp-content\\\/uploads\\\/2021\\\/12\\\/triniti-logo-en.svg\",\"width\":400,\"height\":117,\"caption\":\"Triniti\"},\"image\":{\"@id\":\"https:\\\/\\\/triniti.eu\\\/#\\\/schema\\\/logo\\\/image\\\/\"}}]}<\/script>\n<!-- \/ Yoast SEO plugin. -->","yoast_head_json":{"title":"TRINITI Sverigeteam | TRINITI - Pan-Baltic Law Firm","robots":{"index":"index","follow":"follow","max-snippet":"max-snippet:-1","max-image-preview":"max-image-preview:large","max-video-preview":"max-video-preview:-1"},"canonical":"https:\/\/triniti.eu\/sv\/triniti-sverigeteam\/","og_locale":"sv_SE","og_type":"article","og_title":"TRINITI Sverigeteam | TRINITI - Pan-Baltic Law Firm","og_description":"Syftet med v\u00e5rt Sverigeteam \u00e4r att uppfylla behoven hos s\u00e5v\u00e4l svenska f\u00f6retag i Estland, Lettland och Litauen som tv\u00e4rtom och att bidra till synergiutveckling mellan dessa f\u00f6retag. V\u00e5ra gr\u00e4ns\u00f6verskridande arbetsgrupper best\u00e5r av erfarna professionella jurister och ledande specialister i sina respektive omr\u00e5den som kommunicerar med klienter i 8 olika arbetsspr\u00e5k; vi fungerar som en gemensam [&hellip;]","og_url":"https:\/\/triniti.eu\/sv\/triniti-sverigeteam\/","og_site_name":"TRINITI - Pan-Baltic Law Firm","article_modified_time":"2025-02-24T05:34:25+00:00","twitter_card":"summary_large_image","twitter_misc":{"Ber\u00e4knad l\u00e4stid":"1 minut"},"schema":{"@context":"https:\/\/schema.org","@graph":[{"@type":"WebPage","@id":"https:\/\/triniti.eu\/sv\/triniti-sverigeteam\/","url":"https:\/\/triniti.eu\/sv\/triniti-sverigeteam\/","name":"TRINITI Sverigeteam | TRINITI - Pan-Baltic Law Firm","isPartOf":{"@id":"https:\/\/triniti.eu\/#website"},"datePublished":"2024-03-25T12:17:51+00:00","dateModified":"2025-02-24T05:34:25+00:00","breadcrumb":{"@id":"https:\/\/triniti.eu\/sv\/triniti-sverigeteam\/#breadcrumb"},"inLanguage":"sv-SE","potentialAction":[{"@type":"ReadAction","target":["https:\/\/triniti.eu\/sv\/triniti-sverigeteam\/"]}]},{"@type":"BreadcrumbList","@id":"https:\/\/triniti.eu\/sv\/triniti-sverigeteam\/#breadcrumb","itemListElement":[{"@type":"ListItem","position":1,"name":"Home","item":"https:\/\/triniti.eu\/sv\/"},{"@type":"ListItem","position":2,"name":"TRINITI Sverigeteam"}]},{"@type":"WebSite","@id":"https:\/\/triniti.eu\/#website","url":"https:\/\/triniti.eu\/","name":"TRINITI - Pan-Baltic Law Firm","description":"The Future On Your Terms","publisher":{"@id":"https:\/\/triniti.eu\/#organization"},"potentialAction":[{"@type":"SearchAction","target":{"@type":"EntryPoint","urlTemplate":"https:\/\/triniti.eu\/?s={search_term_string}"},"query-input":{"@type":"PropertyValueSpecification","valueRequired":true,"valueName":"search_term_string"}}],"inLanguage":"sv-SE"},{"@type":"Organization","@id":"https:\/\/triniti.eu\/#organization","name":"Triniti","url":"https:\/\/triniti.eu\/","logo":{"@type":"ImageObject","inLanguage":"sv-SE","@id":"https:\/\/triniti.eu\/#\/schema\/logo\/image\/","url":"https:\/\/triniti.eu\/wp-content\/uploads\/2021\/12\/triniti-logo-en.svg","contentUrl":"https:\/\/triniti.eu\/wp-content\/uploads\/2021\/12\/triniti-logo-en.svg","width":400,"height":117,"caption":"Triniti"},"image":{"@id":"https:\/\/triniti.eu\/#\/schema\/logo\/image\/"}}]}},"_links":{"self":[{"href":"https:\/\/triniti.eu\/sv\/wp-json\/wp\/v2\/pages\/27817","targetHints":{"allow":["GET"]}}],"collection":[{"href":"https:\/\/triniti.eu\/sv\/wp-json\/wp\/v2\/pages"}],"about":[{"href":"https:\/\/triniti.eu\/sv\/wp-json\/wp\/v2\/types\/page"}],"author":[{"embeddable":true,"href":"https:\/\/triniti.eu\/sv\/wp-json\/wp\/v2\/users\/1"}],"replies":[{"embeddable":true,"href":"https:\/\/triniti.eu\/sv\/wp-json\/wp\/v2\/comments?post=27817"}],"version-history":[{"count":32,"href":"https:\/\/triniti.eu\/sv\/wp-json\/wp\/v2\/pages\/27817\/revisions"}],"predecessor-version":[{"id":32390,"href":"https:\/\/triniti.eu\/sv\/wp-json\/wp\/v2\/pages\/27817\/revisions\/32390"}],"wp:attachment":[{"href":"https:\/\/triniti.eu\/sv\/wp-json\/wp\/v2\/media?parent=27817"}],"curies":[{"name":"wp","href":"https:\/\/api.w.org\/{rel}","templated":true}]}}