{"id":3839,"date":"2021-12-02T19:49:21","date_gmt":"2021-12-02T19:49:21","guid":{"rendered":"http:\/\/triniti.eu\/apie-mus\/"},"modified":"2024-09-18T06:32:03","modified_gmt":"2024-09-18T06:32:03","slug":"apie-triniti","status":"publish","type":"page","link":"https:\/\/triniti.eu\/lt\/apie-triniti\/","title":{"rendered":"Apie TRINITI"},"content":{"rendered":"","protected":false},"excerpt":{"rendered":"","protected":false},"author":1,"featured_media":0,"parent":0,"menu_order":0,"comment_status":"closed","ping_status":"closed","template":"templates\/page-about.php","meta":{"_acf_changed":false,"breadbutter_post_enabled":false,"breadbutter_post_as_destination_url":false,"breadbutter_post_app_name":"","breadbutter_post_destination_url":"","breadbutter_post_callback_url":"","breadbutter_post_client_data":"","breadbutter_post_button_theme":"","breadbutter_post_user_profile_tool":false,"breadbutter_post_subscriber_profile_position_vertical":"default","breadbutter_post_subscriber_profile_position_horizontal":"default","breadbutter_post_subscriber_profile_position_vertical_px":0,"breadbutter_post_subscriber_profile_position_horizontal_px":0,"breadbutter_post_continue_with_popup_delay_seconds":"","breadbutter_post_continue_with_success_seconds":"","breadbutter_post_continue_with_success_header":"","breadbutter_post_continue_with_success_text":"","breadbutter_post_show_login_focus":false,"breadbutter_post_force_reauthentication":false,"breadbutter_post_continue_with":false,"breadbutter_continue_with_position_vertical":"default","breadbutter_continue_with_position_horizontal":"default","breadbutter_continue_with_position_vertical_px":0,"breadbutter_continue_with_position_horizontal_px":0,"breadbutter_post_is_restricred":false,"breadbutter_post_header_1":"","breadbutter_post_header_2":"","breadbutter_post_header_back_1":"","breadbutter_post_header_back_2":"","breadbutter_post_blur_text_1":"","breadbutter_post_blur_text_2":"","breadbutter_post_blur_text_3":"","breadbutter_post_blur_text_3_2":"","breadbutter_post_blur_more_text":"","breadbutter_post_contactus_enabled":false,"breadbutter_post_contactus_icon_message":"","breadbutter_post_contactus_custom_image":"","breadbutter_post_contactus_header":"","breadbutter_post_contactus_paragraph_1":"","breadbutter_post_contactus_paragraph_2":"","breadbutter_post_contactus_paragraph_3":"","breadbutter_post_contactus_sub_header":"","breadbutter_post_contactus_button_label":"","breadbutter_post_contactus_success_message":"","breadbutter_post_contactus_show_phone":false,"breadbutter_post_contactus_show_company":false,"breadbutter_post_contactus_position_vertical":"","breadbutter_post_contactus_position_vertical_px":"","breadbutter_post_contactus_position_horizontal":"","breadbutter_post_contactus_position_horizontal_px":"","breadbutter_post_contactus_override_dest":false,"breadbutter_post_is_gated":false,"breadbutter_post_content_gating_header":"","breadbutter_post_content_gating_subheader":"","breadbutter_post_content_gating_with_image_enabled":true,"breadbutter_post_content_gating_custom_image_type":"default_1","breadbutter_post_content_gating_font_color":"#000000","breadbutter_post_content_gating_button_color":"#50AFF5","breadbutter_post_content_gating_button_font_color":"#FFFFFF","breadbutter_post_content_gating_immediately_show":"default","breadbutter_post_content_gating_custom_image":"","breadbutter_post_content_gating_override_dest":false,"breadbutter_post_content_gating_scroll_limit":"","breadbutter_post_content_gating_time_limit":"","breadbutter_post_content_preview_enabled":false,"breadbutter_post_content_preview_text_1":"","breadbutter_post_content_preview_text_2":"","breadbutter_post_content_preview_text_3":"","breadbutter_post_content_preview_text_3_2":"","breadbutter_post_content_preview_text_more":"","breadbutter_post_content_preview_override_dest":false,"breadbutter_post_content_preview_clickable_content":false,"breadbutter_post_content_preview_scroll_limit":"","breadbutter_post_content_preview_immediately_show":"","breadbutter_post_content_preview_time_limit":"","breadbutter_post_content_preview_height":"","breadbutter_post_newsletter_enabled":false,"breadbutter_post_newsletter_type":"","breadbutter_post_newsletter_header":"","breadbutter_post_newsletter_main_message":"","breadbutter_post_newsletter_success_header":"","breadbutter_post_newsletter_success_message":"","breadbutter_post_newsletter_delay_popup":"","breadbutter_post_newsletter_custom_image_type":"","breadbutter_post_newsletter_custom_image":"","breadbutter_post_newsletter_override_dest":false,"breadbutter_post_newsletter_event_code":"","inline_featured_image":false,"footnotes":""},"class_list":["post-3839","page","type-page","status-publish","hentry"],"acf":[],"yoast_head":"<!-- This site is optimized with the Yoast SEO plugin v27.4 - https:\/\/yoast.com\/product\/yoast-seo-wordpress\/ -->\n<title>Verslo teis\u0117s paslaugos | TRINITI - Pan-Baltic Law Firm<\/title>\n<meta name=\"description\" content=\"Daugiau nei 10 met\u0173 patirtis teis\u0117s srityje. Daugiau nei 90 specialist\u0173, pasirengusi\u0173 pad\u0117ti jums visais teisiniais klausimais. Susisiekite!\" \/>\n<meta name=\"robots\" content=\"index, follow, max-snippet:-1, max-image-preview:large, max-video-preview:-1\" \/>\n<link rel=\"canonical\" href=\"https:\/\/triniti.eu\/lt\/apie-triniti\/\" \/>\n<meta property=\"og:locale\" content=\"lt_LT\" \/>\n<meta property=\"og:type\" content=\"article\" \/>\n<meta property=\"og:title\" content=\"Verslo teis\u0117s paslaugos | TRINITI - Pan-Baltic Law Firm\" \/>\n<meta property=\"og:description\" content=\"Daugiau nei 10 met\u0173 patirtis teis\u0117s srityje. Daugiau nei 90 specialist\u0173, pasirengusi\u0173 pad\u0117ti jums visais teisiniais klausimais. Susisiekite!\" \/>\n<meta property=\"og:url\" content=\"https:\/\/triniti.eu\/lt\/apie-triniti\/\" \/>\n<meta property=\"og:site_name\" content=\"TRINITI - Pan-Baltic Law Firm\" \/>\n<meta property=\"article:modified_time\" content=\"2024-09-18T06:32:03+00:00\" \/>\n<meta name=\"twitter:card\" content=\"summary_large_image\" \/>\n<script type=\"application\/ld+json\" class=\"yoast-schema-graph\">{\"@context\":\"https:\\\/\\\/schema.org\",\"@graph\":[{\"@type\":\"WebPage\",\"@id\":\"https:\\\/\\\/triniti.eu\\\/lt\\\/apie-triniti\\\/\",\"url\":\"https:\\\/\\\/triniti.eu\\\/lt\\\/apie-triniti\\\/\",\"name\":\"Verslo teis\u0117s paslaugos | TRINITI - Pan-Baltic Law Firm\",\"isPartOf\":{\"@id\":\"https:\\\/\\\/triniti.eu\\\/#website\"},\"datePublished\":\"2021-12-02T19:49:21+00:00\",\"dateModified\":\"2024-09-18T06:32:03+00:00\",\"description\":\"Daugiau nei 10 met\u0173 patirtis teis\u0117s srityje. Daugiau nei 90 specialist\u0173, pasirengusi\u0173 pad\u0117ti jums visais teisiniais klausimais. Susisiekite!\",\"breadcrumb\":{\"@id\":\"https:\\\/\\\/triniti.eu\\\/lt\\\/apie-triniti\\\/#breadcrumb\"},\"inLanguage\":\"lt-LT\",\"potentialAction\":[{\"@type\":\"ReadAction\",\"target\":[\"https:\\\/\\\/triniti.eu\\\/lt\\\/apie-triniti\\\/\"]}]},{\"@type\":\"BreadcrumbList\",\"@id\":\"https:\\\/\\\/triniti.eu\\\/lt\\\/apie-triniti\\\/#breadcrumb\",\"itemListElement\":[{\"@type\":\"ListItem\",\"position\":1,\"name\":\"Home\",\"item\":\"https:\\\/\\\/triniti.eu\\\/lt\\\/\"},{\"@type\":\"ListItem\",\"position\":2,\"name\":\"Apie TRINITI\"}]},{\"@type\":\"WebSite\",\"@id\":\"https:\\\/\\\/triniti.eu\\\/#website\",\"url\":\"https:\\\/\\\/triniti.eu\\\/\",\"name\":\"TRINITI - Pan-Baltic Law Firm\",\"description\":\"The Future On Your Terms\",\"publisher\":{\"@id\":\"https:\\\/\\\/triniti.eu\\\/#organization\"},\"potentialAction\":[{\"@type\":\"SearchAction\",\"target\":{\"@type\":\"EntryPoint\",\"urlTemplate\":\"https:\\\/\\\/triniti.eu\\\/?s={search_term_string}\"},\"query-input\":{\"@type\":\"PropertyValueSpecification\",\"valueRequired\":true,\"valueName\":\"search_term_string\"}}],\"inLanguage\":\"lt-LT\"},{\"@type\":\"Organization\",\"@id\":\"https:\\\/\\\/triniti.eu\\\/#organization\",\"name\":\"Triniti\",\"url\":\"https:\\\/\\\/triniti.eu\\\/\",\"logo\":{\"@type\":\"ImageObject\",\"inLanguage\":\"lt-LT\",\"@id\":\"https:\\\/\\\/triniti.eu\\\/#\\\/schema\\\/logo\\\/image\\\/\",\"url\":\"https:\\\/\\\/triniti.eu\\\/wp-content\\\/uploads\\\/2021\\\/12\\\/triniti-logo-en.svg\",\"contentUrl\":\"https:\\\/\\\/triniti.eu\\\/wp-content\\\/uploads\\\/2021\\\/12\\\/triniti-logo-en.svg\",\"width\":400,\"height\":117,\"caption\":\"Triniti\"},\"image\":{\"@id\":\"https:\\\/\\\/triniti.eu\\\/#\\\/schema\\\/logo\\\/image\\\/\"}}]}<\/script>\n<!-- \/ Yoast SEO plugin. -->","yoast_head_json":{"title":"Verslo teis\u0117s paslaugos | TRINITI - Pan-Baltic Law Firm","description":"Daugiau nei 10 met\u0173 patirtis teis\u0117s srityje. Daugiau nei 90 specialist\u0173, pasirengusi\u0173 pad\u0117ti jums visais teisiniais klausimais. Susisiekite!","robots":{"index":"index","follow":"follow","max-snippet":"max-snippet:-1","max-image-preview":"max-image-preview:large","max-video-preview":"max-video-preview:-1"},"canonical":"https:\/\/triniti.eu\/lt\/apie-triniti\/","og_locale":"lt_LT","og_type":"article","og_title":"Verslo teis\u0117s paslaugos | TRINITI - Pan-Baltic Law Firm","og_description":"Daugiau nei 10 met\u0173 patirtis teis\u0117s srityje. Daugiau nei 90 specialist\u0173, pasirengusi\u0173 pad\u0117ti jums visais teisiniais klausimais. Susisiekite!","og_url":"https:\/\/triniti.eu\/lt\/apie-triniti\/","og_site_name":"TRINITI - Pan-Baltic Law Firm","article_modified_time":"2024-09-18T06:32:03+00:00","twitter_card":"summary_large_image","schema":{"@context":"https:\/\/schema.org","@graph":[{"@type":"WebPage","@id":"https:\/\/triniti.eu\/lt\/apie-triniti\/","url":"https:\/\/triniti.eu\/lt\/apie-triniti\/","name":"Verslo teis\u0117s paslaugos | TRINITI - Pan-Baltic Law Firm","isPartOf":{"@id":"https:\/\/triniti.eu\/#website"},"datePublished":"2021-12-02T19:49:21+00:00","dateModified":"2024-09-18T06:32:03+00:00","description":"Daugiau nei 10 met\u0173 patirtis teis\u0117s srityje. Daugiau nei 90 specialist\u0173, pasirengusi\u0173 pad\u0117ti jums visais teisiniais klausimais. Susisiekite!","breadcrumb":{"@id":"https:\/\/triniti.eu\/lt\/apie-triniti\/#breadcrumb"},"inLanguage":"lt-LT","potentialAction":[{"@type":"ReadAction","target":["https:\/\/triniti.eu\/lt\/apie-triniti\/"]}]},{"@type":"BreadcrumbList","@id":"https:\/\/triniti.eu\/lt\/apie-triniti\/#breadcrumb","itemListElement":[{"@type":"ListItem","position":1,"name":"Home","item":"https:\/\/triniti.eu\/lt\/"},{"@type":"ListItem","position":2,"name":"Apie TRINITI"}]},{"@type":"WebSite","@id":"https:\/\/triniti.eu\/#website","url":"https:\/\/triniti.eu\/","name":"TRINITI - Pan-Baltic Law Firm","description":"The Future On Your Terms","publisher":{"@id":"https:\/\/triniti.eu\/#organization"},"potentialAction":[{"@type":"SearchAction","target":{"@type":"EntryPoint","urlTemplate":"https:\/\/triniti.eu\/?s={search_term_string}"},"query-input":{"@type":"PropertyValueSpecification","valueRequired":true,"valueName":"search_term_string"}}],"inLanguage":"lt-LT"},{"@type":"Organization","@id":"https:\/\/triniti.eu\/#organization","name":"Triniti","url":"https:\/\/triniti.eu\/","logo":{"@type":"ImageObject","inLanguage":"lt-LT","@id":"https:\/\/triniti.eu\/#\/schema\/logo\/image\/","url":"https:\/\/triniti.eu\/wp-content\/uploads\/2021\/12\/triniti-logo-en.svg","contentUrl":"https:\/\/triniti.eu\/wp-content\/uploads\/2021\/12\/triniti-logo-en.svg","width":400,"height":117,"caption":"Triniti"},"image":{"@id":"https:\/\/triniti.eu\/#\/schema\/logo\/image\/"}}]}},"_links":{"self":[{"href":"https:\/\/triniti.eu\/lt\/wp-json\/wp\/v2\/pages\/3839","targetHints":{"allow":["GET"]}}],"collection":[{"href":"https:\/\/triniti.eu\/lt\/wp-json\/wp\/v2\/pages"}],"about":[{"href":"https:\/\/triniti.eu\/lt\/wp-json\/wp\/v2\/types\/page"}],"author":[{"embeddable":true,"href":"https:\/\/triniti.eu\/lt\/wp-json\/wp\/v2\/users\/1"}],"replies":[{"embeddable":true,"href":"https:\/\/triniti.eu\/lt\/wp-json\/wp\/v2\/comments?post=3839"}],"version-history":[{"count":12,"href":"https:\/\/triniti.eu\/lt\/wp-json\/wp\/v2\/pages\/3839\/revisions"}],"predecessor-version":[{"id":30704,"href":"https:\/\/triniti.eu\/lt\/wp-json\/wp\/v2\/pages\/3839\/revisions\/30704"}],"wp:attachment":[{"href":"https:\/\/triniti.eu\/lt\/wp-json\/wp\/v2\/media?parent=3839"}],"curies":[{"name":"wp","href":"https:\/\/api.w.org\/{rel}","templated":true}]}}