{"id":26755,"date":"2024-01-23T15:27:33","date_gmt":"2024-01-23T15:27:33","guid":{"rendered":"https:\/\/triniti.eu\/?page_id=26755"},"modified":"2024-02-07T14:15:47","modified_gmt":"2024-02-07T14:15:47","slug":"verslo-valdymas","status":"publish","type":"page","link":"https:\/\/triniti.eu\/lt\/verslo-perdavimas-ir-paveldejimas\/verslo-valdymas\/","title":{"rendered":"Verslo valdymas"},"content":{"rendered":"<p><span class=\"ui-provider ee bsf awc bsg bsh bsi bsj bsk bsl bsm bsn bso bsp bsq bsr bss bst bsu bsv bsw bsx bsy bsz bta btb btc btd bte btf btg bth bti btj btk btl\" dir=\"ltr\">Atsakomybi\u0173 perdavimas, u\u017etikrinant t\u0119stinum\u0105.<\/span><\/p>\n","protected":false},"excerpt":{"rendered":"<p>Atsakomybi\u0173 perdavimas, u\u017etikrinant t\u0119stinum\u0105.<\/p>\n","protected":false},"author":1,"featured_media":0,"parent":26744,"menu_order":0,"comment_status":"closed","ping_status":"closed","template":"templates\/page-guides-child.php","meta":{"_acf_changed":false,"breadbutter_post_enabled":false,"breadbutter_post_as_destination_url":false,"breadbutter_post_app_name":"","breadbutter_post_destination_url":"","breadbutter_post_callback_url":"","breadbutter_post_client_data":"","breadbutter_post_button_theme":"","breadbutter_post_user_profile_tool":false,"breadbutter_post_continue_with_popup_delay_seconds":"","breadbutter_post_continue_with_success_seconds":"","breadbutter_post_continue_with_success_header":"","breadbutter_post_continue_with_success_text":"","breadbutter_post_show_login_focus":false,"breadbutter_post_force_reauthentication":false,"breadbutter_post_continue_with":false,"breadbutter_continue_with_position_vertical":"default","breadbutter_continue_with_position_horizontal":"default","breadbutter_continue_with_position_vertical_px":0,"breadbutter_continue_with_position_horizontal_px":0,"breadbutter_post_is_restricred":false,"breadbutter_post_header_1":"","breadbutter_post_header_2":"","breadbutter_post_header_back_1":"","breadbutter_post_header_back_2":"","breadbutter_post_blur_text_1":"","breadbutter_post_blur_text_2":"","breadbutter_post_blur_text_3":"","breadbutter_post_blur_text_3_2":"","breadbutter_post_blur_more_text":"","breadbutter_post_contactus_enabled":false,"breadbutter_post_contactus_icon_message":"","breadbutter_post_contactus_custom_image":"","breadbutter_post_contactus_header":"","breadbutter_post_contactus_paragraph_1":"","breadbutter_post_contactus_paragraph_2":"","breadbutter_post_contactus_paragraph_3":"","breadbutter_post_contactus_sub_header":"","breadbutter_post_contactus_button_label":"","breadbutter_post_contactus_success_message":"","breadbutter_post_contactus_show_phone":false,"breadbutter_post_contactus_show_company":false,"breadbutter_post_contactus_position_vertical":"","breadbutter_post_contactus_position_vertical_px":"","breadbutter_post_contactus_position_horizontal":"","breadbutter_post_contactus_position_horizontal_px":"","breadbutter_post_contactus_override_dest":false,"breadbutter_post_is_gated":false,"breadbutter_post_content_gating_header":"","breadbutter_post_content_gating_subheader":"","breadbutter_post_content_gating_with_image_enabled":true,"breadbutter_post_content_gating_custom_image_type":"default","breadbutter_post_content_gating_font_color":"default","breadbutter_post_content_gating_button_color":"default","breadbutter_post_content_gating_button_font_color":"default","breadbutter_post_content_gating_immediately_show":"default","breadbutter_post_content_gating_custom_image":"","breadbutter_post_content_gating_override_dest":false,"breadbutter_post_content_gating_scroll_limit":"","breadbutter_post_content_gating_time_limit":"","breadbutter_post_content_preview_enabled":false,"breadbutter_post_content_preview_text_1":"","breadbutter_post_content_preview_text_2":"","breadbutter_post_content_preview_text_3":"","breadbutter_post_content_preview_text_3_2":"","breadbutter_post_content_preview_text_more":"","breadbutter_post_content_preview_override_dest":false,"breadbutter_post_content_preview_clickable_content":false,"breadbutter_post_content_preview_scroll_limit":"","breadbutter_post_content_preview_time_limit":"","breadbutter_post_content_preview_height":"","breadbutter_post_newsletter_enabled":false,"breadbutter_post_newsletter_type":"","breadbutter_post_newsletter_header":"","breadbutter_post_newsletter_main_message":"","breadbutter_post_newsletter_success_header":"","breadbutter_post_newsletter_success_message":"","breadbutter_post_newsletter_delay_popup":"","breadbutter_post_newsletter_custom_image_type":"","breadbutter_post_newsletter_custom_image":"","breadbutter_post_newsletter_override_dest":false,"breadbutter_post_newsletter_event_code":"","inline_featured_image":false,"footnotes":""},"class_list":["post-26755","page","type-page","status-publish","hentry"],"acf":[],"yoast_head":"<!-- This site is optimized with the Yoast SEO plugin v23.7 - https:\/\/yoast.com\/wordpress\/plugins\/seo\/ -->\n<title>Verslo valdymas | TRINITI<\/title>\n<meta name=\"robots\" content=\"index, follow, max-snippet:-1, max-image-preview:large, max-video-preview:-1\" \/>\n<link rel=\"canonical\" href=\"https:\/\/triniti.eu\/lt\/verslo-perdavimas-ir-paveldejimas\/verslo-valdymas\/\" \/>\n<meta property=\"og:locale\" content=\"lt_LT\" \/>\n<meta property=\"og:type\" content=\"article\" \/>\n<meta property=\"og:title\" content=\"Verslo valdymas | TRINITI\" \/>\n<meta property=\"og:description\" content=\"Atsakomybi\u0173 perdavimas, u\u017etikrinant t\u0119stinum\u0105.\" \/>\n<meta property=\"og:url\" content=\"https:\/\/triniti.eu\/lt\/verslo-perdavimas-ir-paveldejimas\/verslo-valdymas\/\" \/>\n<meta property=\"og:site_name\" content=\"TRINITI JUREX - Baltijos \u0161ali\u0173 advokat\u0173 kontora\" \/>\n<meta property=\"article:modified_time\" content=\"2024-02-07T14:15:47+00:00\" \/>\n<meta name=\"twitter:card\" content=\"summary_large_image\" \/>\n<meta name=\"twitter:label1\" content=\"Est. reading time\" \/>\n\t<meta name=\"twitter:data1\" content=\"1 minut\u0117\" \/>\n<script type=\"application\/ld+json\" class=\"yoast-schema-graph\">{\"@context\":\"https:\/\/schema.org\",\"@graph\":[{\"@type\":\"WebPage\",\"@id\":\"https:\/\/triniti.eu\/lt\/verslo-perdavimas-ir-paveldejimas\/verslo-valdymas\/\",\"url\":\"https:\/\/triniti.eu\/lt\/verslo-perdavimas-ir-paveldejimas\/verslo-valdymas\/\",\"name\":\"Verslo valdymas | TRINITI\",\"isPartOf\":{\"@id\":\"https:\/\/triniti.eu\/#website\"},\"datePublished\":\"2024-01-23T15:27:33+00:00\",\"dateModified\":\"2024-02-07T14:15:47+00:00\",\"breadcrumb\":{\"@id\":\"https:\/\/triniti.eu\/lt\/verslo-perdavimas-ir-paveldejimas\/verslo-valdymas\/#breadcrumb\"},\"inLanguage\":\"lt-LT\",\"potentialAction\":[{\"@type\":\"ReadAction\",\"target\":[\"https:\/\/triniti.eu\/lt\/verslo-perdavimas-ir-paveldejimas\/verslo-valdymas\/\"]}]},{\"@type\":\"BreadcrumbList\",\"@id\":\"https:\/\/triniti.eu\/lt\/verslo-perdavimas-ir-paveldejimas\/verslo-valdymas\/#breadcrumb\",\"itemListElement\":[{\"@type\":\"ListItem\",\"position\":1,\"name\":\"Home\",\"item\":\"https:\/\/triniti.eu\/lt\/\"},{\"@type\":\"ListItem\",\"position\":2,\"name\":\"Verslo perdavimas ir paveld\u0117jimas\",\"item\":\"https:\/\/triniti.eu\/lt\/verslo-perdavimas-ir-paveldejimas\/\"},{\"@type\":\"ListItem\",\"position\":3,\"name\":\"Verslo valdymas\"}]},{\"@type\":\"WebSite\",\"@id\":\"https:\/\/triniti.eu\/#website\",\"url\":\"https:\/\/triniti.eu\/\",\"name\":\"TRINITI JUREX - Baltijos \u0161ali\u0173 advokat\u0173 kontora\",\"description\":\"The Future On Your Terms\",\"publisher\":{\"@id\":\"https:\/\/triniti.eu\/#organization\"},\"potentialAction\":[{\"@type\":\"SearchAction\",\"target\":{\"@type\":\"EntryPoint\",\"urlTemplate\":\"https:\/\/triniti.eu\/?s={search_term_string}\"},\"query-input\":{\"@type\":\"PropertyValueSpecification\",\"valueRequired\":true,\"valueName\":\"search_term_string\"}}],\"inLanguage\":\"lt-LT\"},{\"@type\":\"Organization\",\"@id\":\"https:\/\/triniti.eu\/#organization\",\"name\":\"Triniti\",\"url\":\"https:\/\/triniti.eu\/\",\"logo\":{\"@type\":\"ImageObject\",\"inLanguage\":\"lt-LT\",\"@id\":\"https:\/\/triniti.eu\/#\/schema\/logo\/image\/\",\"url\":\"https:\/\/triniti.eu\/wp-content\/uploads\/2021\/12\/triniti-logo-en.svg\",\"contentUrl\":\"https:\/\/triniti.eu\/wp-content\/uploads\/2021\/12\/triniti-logo-en.svg\",\"width\":400,\"height\":117,\"caption\":\"Triniti\"},\"image\":{\"@id\":\"https:\/\/triniti.eu\/#\/schema\/logo\/image\/\"}}]}<\/script>\n<!-- \/ Yoast SEO plugin. -->","yoast_head_json":{"title":"Verslo valdymas | TRINITI","robots":{"index":"index","follow":"follow","max-snippet":"max-snippet:-1","max-image-preview":"max-image-preview:large","max-video-preview":"max-video-preview:-1"},"canonical":"https:\/\/triniti.eu\/lt\/verslo-perdavimas-ir-paveldejimas\/verslo-valdymas\/","og_locale":"lt_LT","og_type":"article","og_title":"Verslo valdymas | TRINITI","og_description":"Atsakomybi\u0173 perdavimas, u\u017etikrinant t\u0119stinum\u0105.","og_url":"https:\/\/triniti.eu\/lt\/verslo-perdavimas-ir-paveldejimas\/verslo-valdymas\/","og_site_name":"TRINITI JUREX - Baltijos \u0161ali\u0173 advokat\u0173 kontora","article_modified_time":"2024-02-07T14:15:47+00:00","twitter_card":"summary_large_image","twitter_misc":{"Est. reading time":"1 minut\u0117"},"schema":{"@context":"https:\/\/schema.org","@graph":[{"@type":"WebPage","@id":"https:\/\/triniti.eu\/lt\/verslo-perdavimas-ir-paveldejimas\/verslo-valdymas\/","url":"https:\/\/triniti.eu\/lt\/verslo-perdavimas-ir-paveldejimas\/verslo-valdymas\/","name":"Verslo valdymas | TRINITI","isPartOf":{"@id":"https:\/\/triniti.eu\/#website"},"datePublished":"2024-01-23T15:27:33+00:00","dateModified":"2024-02-07T14:15:47+00:00","breadcrumb":{"@id":"https:\/\/triniti.eu\/lt\/verslo-perdavimas-ir-paveldejimas\/verslo-valdymas\/#breadcrumb"},"inLanguage":"lt-LT","potentialAction":[{"@type":"ReadAction","target":["https:\/\/triniti.eu\/lt\/verslo-perdavimas-ir-paveldejimas\/verslo-valdymas\/"]}]},{"@type":"BreadcrumbList","@id":"https:\/\/triniti.eu\/lt\/verslo-perdavimas-ir-paveldejimas\/verslo-valdymas\/#breadcrumb","itemListElement":[{"@type":"ListItem","position":1,"name":"Home","item":"https:\/\/triniti.eu\/lt\/"},{"@type":"ListItem","position":2,"name":"Verslo perdavimas ir paveld\u0117jimas","item":"https:\/\/triniti.eu\/lt\/verslo-perdavimas-ir-paveldejimas\/"},{"@type":"ListItem","position":3,"name":"Verslo valdymas"}]},{"@type":"WebSite","@id":"https:\/\/triniti.eu\/#website","url":"https:\/\/triniti.eu\/","name":"TRINITI JUREX - Baltijos \u0161ali\u0173 advokat\u0173 kontora","description":"The Future On Your Terms","publisher":{"@id":"https:\/\/triniti.eu\/#organization"},"potentialAction":[{"@type":"SearchAction","target":{"@type":"EntryPoint","urlTemplate":"https:\/\/triniti.eu\/?s={search_term_string}"},"query-input":{"@type":"PropertyValueSpecification","valueRequired":true,"valueName":"search_term_string"}}],"inLanguage":"lt-LT"},{"@type":"Organization","@id":"https:\/\/triniti.eu\/#organization","name":"Triniti","url":"https:\/\/triniti.eu\/","logo":{"@type":"ImageObject","inLanguage":"lt-LT","@id":"https:\/\/triniti.eu\/#\/schema\/logo\/image\/","url":"https:\/\/triniti.eu\/wp-content\/uploads\/2021\/12\/triniti-logo-en.svg","contentUrl":"https:\/\/triniti.eu\/wp-content\/uploads\/2021\/12\/triniti-logo-en.svg","width":400,"height":117,"caption":"Triniti"},"image":{"@id":"https:\/\/triniti.eu\/#\/schema\/logo\/image\/"}}]}},"_links":{"self":[{"href":"https:\/\/triniti.eu\/lt\/wp-json\/wp\/v2\/pages\/26755","targetHints":{"allow":["GET"]}}],"collection":[{"href":"https:\/\/triniti.eu\/lt\/wp-json\/wp\/v2\/pages"}],"about":[{"href":"https:\/\/triniti.eu\/lt\/wp-json\/wp\/v2\/types\/page"}],"author":[{"embeddable":true,"href":"https:\/\/triniti.eu\/lt\/wp-json\/wp\/v2\/users\/1"}],"replies":[{"embeddable":true,"href":"https:\/\/triniti.eu\/lt\/wp-json\/wp\/v2\/comments?post=26755"}],"version-history":[{"count":14,"href":"https:\/\/triniti.eu\/lt\/wp-json\/wp\/v2\/pages\/26755\/revisions"}],"predecessor-version":[{"id":26964,"href":"https:\/\/triniti.eu\/lt\/wp-json\/wp\/v2\/pages\/26755\/revisions\/26964"}],"up":[{"embeddable":true,"href":"https:\/\/triniti.eu\/lt\/wp-json\/wp\/v2\/pages\/26744"}],"wp:attachment":[{"href":"https:\/\/triniti.eu\/lt\/wp-json\/wp\/v2\/media?parent=26755"}],"curies":[{"name":"wp","href":"https:\/\/api.w.org\/{rel}","templated":true}]}}