{"id":20676,"date":"2022-07-07T08:34:24","date_gmt":"2022-07-07T08:34:24","guid":{"rendered":"https:\/\/triniti.eu\/tvarumas\/"},"modified":"2025-08-27T12:14:01","modified_gmt":"2025-08-27T12:14:01","slug":"tvarumas","status":"publish","type":"page","link":"https:\/\/triniti.eu\/lt\/tvarumas\/","title":{"rendered":"Tvarumas"},"content":{"rendered":"<p>As part of our sustainability journey, we aim to make sustainability and its accountability part of the legal services market and to use our expertise to help our clients develop sustainable businesses.<\/p>\n","protected":false},"excerpt":{"rendered":"<p>As part of our sustainability journey, we aim to make sustainability and its accountability part of the legal services market and to use our expertise to help our clients develop sustainable businesses.<\/p>\n","protected":false},"author":1,"featured_media":0,"parent":0,"menu_order":0,"comment_status":"closed","ping_status":"closed","template":"templates\/page-tvarumas.php","meta":{"_acf_changed":false,"breadbutter_post_enabled":false,"breadbutter_post_as_destination_url":false,"breadbutter_post_app_name":"","breadbutter_post_destination_url":"","breadbutter_post_callback_url":"","breadbutter_post_client_data":"","breadbutter_post_button_theme":"","breadbutter_post_user_profile_tool":false,"breadbutter_post_continue_with_popup_delay_seconds":"","breadbutter_post_continue_with_success_seconds":"","breadbutter_post_continue_with_success_header":"","breadbutter_post_continue_with_success_text":"","breadbutter_post_show_login_focus":false,"breadbutter_post_force_reauthentication":false,"breadbutter_post_continue_with":false,"breadbutter_continue_with_position_vertical":"default","breadbutter_continue_with_position_horizontal":"default","breadbutter_continue_with_position_vertical_px":0,"breadbutter_continue_with_position_horizontal_px":0,"breadbutter_post_is_restricred":false,"breadbutter_post_header_1":"","breadbutter_post_header_2":"","breadbutter_post_header_back_1":"","breadbutter_post_header_back_2":"","breadbutter_post_blur_text_1":"","breadbutter_post_blur_text_2":"","breadbutter_post_blur_text_3":"","breadbutter_post_blur_text_3_2":"","breadbutter_post_blur_more_text":"","breadbutter_post_contactus_enabled":false,"breadbutter_post_contactus_icon_message":"","breadbutter_post_contactus_custom_image":"","breadbutter_post_contactus_header":"","breadbutter_post_contactus_paragraph_1":"","breadbutter_post_contactus_paragraph_2":"","breadbutter_post_contactus_paragraph_3":"","breadbutter_post_contactus_sub_header":"","breadbutter_post_contactus_button_label":"","breadbutter_post_contactus_success_message":"","breadbutter_post_contactus_show_phone":false,"breadbutter_post_contactus_show_company":false,"breadbutter_post_contactus_position_vertical":"","breadbutter_post_contactus_position_vertical_px":"","breadbutter_post_contactus_position_horizontal":"","breadbutter_post_contactus_position_horizontal_px":"","breadbutter_post_contactus_override_dest":false,"breadbutter_post_is_gated":false,"breadbutter_post_content_gating_header":"","breadbutter_post_content_gating_subheader":"","breadbutter_post_content_gating_with_image_enabled":true,"breadbutter_post_content_gating_custom_image_type":"default","breadbutter_post_content_gating_font_color":"default","breadbutter_post_content_gating_button_color":"default","breadbutter_post_content_gating_button_font_color":"default","breadbutter_post_content_gating_immediately_show":"default","breadbutter_post_content_gating_custom_image":"","breadbutter_post_content_gating_override_dest":false,"breadbutter_post_content_gating_scroll_limit":"","breadbutter_post_content_gating_time_limit":"","breadbutter_post_content_preview_enabled":false,"breadbutter_post_content_preview_text_1":"","breadbutter_post_content_preview_text_2":"","breadbutter_post_content_preview_text_3":"","breadbutter_post_content_preview_text_3_2":"","breadbutter_post_content_preview_text_more":"","breadbutter_post_content_preview_override_dest":false,"breadbutter_post_content_preview_clickable_content":false,"breadbutter_post_content_preview_scroll_limit":"","breadbutter_post_content_preview_time_limit":"","breadbutter_post_content_preview_height":"","breadbutter_post_newsletter_enabled":false,"breadbutter_post_newsletter_type":"","breadbutter_post_newsletter_header":"","breadbutter_post_newsletter_main_message":"","breadbutter_post_newsletter_success_header":"","breadbutter_post_newsletter_success_message":"","breadbutter_post_newsletter_delay_popup":"","breadbutter_post_newsletter_custom_image_type":"","breadbutter_post_newsletter_custom_image":"","breadbutter_post_newsletter_override_dest":false,"breadbutter_post_newsletter_event_code":"","inline_featured_image":false,"footnotes":""},"class_list":["post-20676","page","type-page","status-publish","hentry"],"acf":[],"yoast_head":"<!-- This site is optimized with the Yoast SEO plugin v23.7 - https:\/\/yoast.com\/wordpress\/plugins\/seo\/ -->\n<title>Tvarumas | TRINITI<\/title>\n<meta name=\"robots\" content=\"index, follow, max-snippet:-1, max-image-preview:large, max-video-preview:-1\" \/>\n<link rel=\"canonical\" href=\"https:\/\/triniti.eu\/lt\/tvarumas\/\" \/>\n<meta property=\"og:locale\" content=\"lt_LT\" \/>\n<meta property=\"og:type\" content=\"article\" \/>\n<meta property=\"og:title\" content=\"Tvarumas | TRINITI\" \/>\n<meta property=\"og:description\" content=\"As part of our sustainability journey, we aim to make sustainability and its accountability part of the legal services market and to use our expertise to help our clients develop sustainable businesses.\" \/>\n<meta property=\"og:url\" content=\"https:\/\/triniti.eu\/lt\/tvarumas\/\" \/>\n<meta property=\"og:site_name\" content=\"TRINITI JUREX - Baltijos \u0161ali\u0173 advokat\u0173 kontora\" \/>\n<meta property=\"article:modified_time\" content=\"2025-08-27T12:14:01+00:00\" \/>\n<meta name=\"twitter:card\" content=\"summary_large_image\" \/>\n<meta name=\"twitter:label1\" content=\"Est. reading time\" \/>\n\t<meta name=\"twitter:data1\" content=\"1 minut\u0117\" \/>\n<script type=\"application\/ld+json\" class=\"yoast-schema-graph\">{\"@context\":\"https:\/\/schema.org\",\"@graph\":[{\"@type\":\"WebPage\",\"@id\":\"https:\/\/triniti.eu\/lt\/tvarumas\/\",\"url\":\"https:\/\/triniti.eu\/lt\/tvarumas\/\",\"name\":\"Tvarumas | TRINITI\",\"isPartOf\":{\"@id\":\"https:\/\/triniti.eu\/#website\"},\"datePublished\":\"2022-07-07T08:34:24+00:00\",\"dateModified\":\"2025-08-27T12:14:01+00:00\",\"breadcrumb\":{\"@id\":\"https:\/\/triniti.eu\/lt\/tvarumas\/#breadcrumb\"},\"inLanguage\":\"lt-LT\",\"potentialAction\":[{\"@type\":\"ReadAction\",\"target\":[\"https:\/\/triniti.eu\/lt\/tvarumas\/\"]}]},{\"@type\":\"BreadcrumbList\",\"@id\":\"https:\/\/triniti.eu\/lt\/tvarumas\/#breadcrumb\",\"itemListElement\":[{\"@type\":\"ListItem\",\"position\":1,\"name\":\"Home\",\"item\":\"https:\/\/triniti.eu\/lt\/\"},{\"@type\":\"ListItem\",\"position\":2,\"name\":\"Tvarumas\"}]},{\"@type\":\"WebSite\",\"@id\":\"https:\/\/triniti.eu\/#website\",\"url\":\"https:\/\/triniti.eu\/\",\"name\":\"TRINITI JUREX - Baltijos \u0161ali\u0173 advokat\u0173 kontora\",\"description\":\"The Future On Your Terms\",\"publisher\":{\"@id\":\"https:\/\/triniti.eu\/#organization\"},\"potentialAction\":[{\"@type\":\"SearchAction\",\"target\":{\"@type\":\"EntryPoint\",\"urlTemplate\":\"https:\/\/triniti.eu\/?s={search_term_string}\"},\"query-input\":{\"@type\":\"PropertyValueSpecification\",\"valueRequired\":true,\"valueName\":\"search_term_string\"}}],\"inLanguage\":\"lt-LT\"},{\"@type\":\"Organization\",\"@id\":\"https:\/\/triniti.eu\/#organization\",\"name\":\"Triniti\",\"url\":\"https:\/\/triniti.eu\/\",\"logo\":{\"@type\":\"ImageObject\",\"inLanguage\":\"lt-LT\",\"@id\":\"https:\/\/triniti.eu\/#\/schema\/logo\/image\/\",\"url\":\"https:\/\/triniti.eu\/wp-content\/uploads\/2021\/12\/triniti-logo-en.svg\",\"contentUrl\":\"https:\/\/triniti.eu\/wp-content\/uploads\/2021\/12\/triniti-logo-en.svg\",\"width\":400,\"height\":117,\"caption\":\"Triniti\"},\"image\":{\"@id\":\"https:\/\/triniti.eu\/#\/schema\/logo\/image\/\"}}]}<\/script>\n<!-- \/ Yoast SEO plugin. -->","yoast_head_json":{"title":"Tvarumas | TRINITI","robots":{"index":"index","follow":"follow","max-snippet":"max-snippet:-1","max-image-preview":"max-image-preview:large","max-video-preview":"max-video-preview:-1"},"canonical":"https:\/\/triniti.eu\/lt\/tvarumas\/","og_locale":"lt_LT","og_type":"article","og_title":"Tvarumas | TRINITI","og_description":"As part of our sustainability journey, we aim to make sustainability and its accountability part of the legal services market and to use our expertise to help our clients develop sustainable businesses.","og_url":"https:\/\/triniti.eu\/lt\/tvarumas\/","og_site_name":"TRINITI JUREX - Baltijos \u0161ali\u0173 advokat\u0173 kontora","article_modified_time":"2025-08-27T12:14:01+00:00","twitter_card":"summary_large_image","twitter_misc":{"Est. reading time":"1 minut\u0117"},"schema":{"@context":"https:\/\/schema.org","@graph":[{"@type":"WebPage","@id":"https:\/\/triniti.eu\/lt\/tvarumas\/","url":"https:\/\/triniti.eu\/lt\/tvarumas\/","name":"Tvarumas | TRINITI","isPartOf":{"@id":"https:\/\/triniti.eu\/#website"},"datePublished":"2022-07-07T08:34:24+00:00","dateModified":"2025-08-27T12:14:01+00:00","breadcrumb":{"@id":"https:\/\/triniti.eu\/lt\/tvarumas\/#breadcrumb"},"inLanguage":"lt-LT","potentialAction":[{"@type":"ReadAction","target":["https:\/\/triniti.eu\/lt\/tvarumas\/"]}]},{"@type":"BreadcrumbList","@id":"https:\/\/triniti.eu\/lt\/tvarumas\/#breadcrumb","itemListElement":[{"@type":"ListItem","position":1,"name":"Home","item":"https:\/\/triniti.eu\/lt\/"},{"@type":"ListItem","position":2,"name":"Tvarumas"}]},{"@type":"WebSite","@id":"https:\/\/triniti.eu\/#website","url":"https:\/\/triniti.eu\/","name":"TRINITI JUREX - Baltijos \u0161ali\u0173 advokat\u0173 kontora","description":"The Future On Your Terms","publisher":{"@id":"https:\/\/triniti.eu\/#organization"},"potentialAction":[{"@type":"SearchAction","target":{"@type":"EntryPoint","urlTemplate":"https:\/\/triniti.eu\/?s={search_term_string}"},"query-input":{"@type":"PropertyValueSpecification","valueRequired":true,"valueName":"search_term_string"}}],"inLanguage":"lt-LT"},{"@type":"Organization","@id":"https:\/\/triniti.eu\/#organization","name":"Triniti","url":"https:\/\/triniti.eu\/","logo":{"@type":"ImageObject","inLanguage":"lt-LT","@id":"https:\/\/triniti.eu\/#\/schema\/logo\/image\/","url":"https:\/\/triniti.eu\/wp-content\/uploads\/2021\/12\/triniti-logo-en.svg","contentUrl":"https:\/\/triniti.eu\/wp-content\/uploads\/2021\/12\/triniti-logo-en.svg","width":400,"height":117,"caption":"Triniti"},"image":{"@id":"https:\/\/triniti.eu\/#\/schema\/logo\/image\/"}}]}},"_links":{"self":[{"href":"https:\/\/triniti.eu\/lt\/wp-json\/wp\/v2\/pages\/20676","targetHints":{"allow":["GET"]}}],"collection":[{"href":"https:\/\/triniti.eu\/lt\/wp-json\/wp\/v2\/pages"}],"about":[{"href":"https:\/\/triniti.eu\/lt\/wp-json\/wp\/v2\/types\/page"}],"author":[{"embeddable":true,"href":"https:\/\/triniti.eu\/lt\/wp-json\/wp\/v2\/users\/1"}],"replies":[{"embeddable":true,"href":"https:\/\/triniti.eu\/lt\/wp-json\/wp\/v2\/comments?post=20676"}],"version-history":[{"count":31,"href":"https:\/\/triniti.eu\/lt\/wp-json\/wp\/v2\/pages\/20676\/revisions"}],"predecessor-version":[{"id":33787,"href":"https:\/\/triniti.eu\/lt\/wp-json\/wp\/v2\/pages\/20676\/revisions\/33787"}],"wp:attachment":[{"href":"https:\/\/triniti.eu\/lt\/wp-json\/wp\/v2\/media?parent=20676"}],"curies":[{"name":"wp","href":"https:\/\/api.w.org\/{rel}","templated":true}]}}